{"id":34,"date":"2023-11-30T17:37:53","date_gmt":"2023-11-30T16:37:53","guid":{"rendered":"https:\/\/vrdsystem.fr\/?page_id=34"},"modified":"2023-12-01T13:47:58","modified_gmt":"2023-12-01T12:47:58","slug":"mentions-legales","status":"publish","type":"page","link":"https:\/\/vrdsystem.fr\/index.php\/mentions-legales\/","title":{"rendered":"Mentions l\u00e9gales"},"content":{"rendered":"\n<p><strong>Mentions l\u00e9gales du site www.vrdsystem.fr :<\/strong><\/p>\n\n\n\n<p>\u2013\u00a0<strong>Propri\u00e9taire du site www.vrdsystem.fr :<\/strong>\u00a0E.I. RAJOBSON Rado Tsilavo (VRD SYSTEM) \u2013 16 Rue Maurice Ravel \u2013 77870 VULAINES SUR SEINE \u2013 Tel : 06 64 53 22 84 \u2013 Email : contact@vrdsystem.fr<\/p>\n\n\n\n<p>\u2013\u00a0<strong>\u00c9diteur du site www.vrdsytem.fr\u00a0<\/strong>: E.I. RAJOBSON Tojovatosoa (ARCADMI GESTION) \u2013 16 Rue Maurice Ravel \u2013 77870 VULAINES SUR SEINE \u2013 Tel : 07 60 58 03 10 \u2013 Email : contact@arcadmi-gestion.fr<\/p>\n\n\n\n<p>\u2013\u00a0<strong>Signes distinctifs :<\/strong>\u00a0Le nom de domaine www.vrdsystem.fr appartient \u00e0 E.I. RAJOBSON Rado Tsilavo (VRD SYSTEM)<\/p>\n\n\n\n<p>\u2013&nbsp;<strong>H\u00e9bergement du site www.vrdsystem.fr : &nbsp;<\/strong>Le site www.vrdsystem.fr est h\u00e9berg\u00e9 par OVH, SAS au capital de 10 069 020 \u20ac RCS Lille M\u00e9tropole 424 761 419 00045 Code APE 2620Z N\u00b0 TVA : FR 22 424 761 419 Si\u00e8ge social : 2 rue Kellermann \u2013 59100 Roubaix \u2013 France<\/p>\n\n\n\n<p>\u2013\u00a0<strong>Statut administratif de l&#8217;\u00e9diteur du site :<\/strong>\u00a0le site www.vrdsystem.fr est cr\u00e9\u00e9 par E.I. RAJOBSON Tojovatosoa (ARCADMI GESTION)  \u2013 16 Rue Maurice Ravel \u2013 77870 VULAINES SUR SEINE \u2013 SIRET : 529 949 653 00016 \u2013 RM : 529 949 653 RM 77 \u2013 Code APRM : 8211ZP .<\/p>\n\n\n\n<p>\u2013\u00a0<strong>Adresse de facturation :\u00a0<\/strong>E.I. RAJOBSON Rado Tsilavo (VRD SYSTEM)  \u2013 16 Rue Maurice Ravel \u2013 77870 VULAINES SUR SEINE<\/p>\n\n\n\n<p>\u2013\u00a0<strong>Important :<\/strong>\u00a0Les droits de propri\u00e9t\u00e9 intellectuelle aff\u00e9rents au site www.vrdsystem.fr appartiennent \u00e0 E.I. RAJOBSON Rado Tsilavo (VRD SYSTEM). Toute utilisation, reproduction, diffusion, commercialisation, modification de toute ou partie du site, sans l\u2019autorisation de E.I. RAJOBSON Rado Tsilavo (VRD SYSTEM) est prohib\u00e9e et pourra entra\u00eener des actions et poursuites judiciaires telles que notamment pr\u00e9vues par le code de la propri\u00e9t\u00e9 intellectuelle et\/ou le code civil.<\/p>\n","protected":false},"excerpt":{"rendered":"<p>Mentions l\u00e9gales du site www.vrdsystem.fr : \u2013\u00a0Propri\u00e9taire du site www.vrdsystem.fr :\u00a0E.I. RAJOBSON Rado Tsilavo (VRD SYSTEM) \u2013 16 Rue Maurice Ravel \u2013 77870 VULAINES SUR SEINE \u2013 Tel : 06 64 53 22 84 \u2013 Email : contact@vrdsystem.fr \u2013\u00a0\u00c9diteur du site www.vrdsytem.fr\u00a0: E.I. RAJOBSON Tojovatosoa (ARCADMI GESTION) \u2013 16 Rue Maurice Ravel \u2013 77870 VULAINES [&hellip;]<\/p>\n","protected":false},"author":1,"featured_media":0,"parent":0,"menu_order":0,"comment_status":"closed","ping_status":"closed","template":"","meta":{"footnotes":""},"class_list":["post-34","page","type-page","status-publish","hentry"],"yoast_head":"<!-- This site is optimized with the Yoast SEO plugin v21.6 - https:\/\/yoast.com\/wordpress\/plugins\/seo\/ -->\n<title>Mentions l\u00e9gales - VRD SYSTEM - Conducteur de travaux freelance<\/title>\n<meta name=\"robots\" content=\"index, follow, max-snippet:-1, max-image-preview:large, max-video-preview:-1\" \/>\n<link rel=\"canonical\" href=\"https:\/\/vrdsystem.fr\/index.php\/mentions-legales\/\" \/>\n<meta property=\"og:locale\" content=\"en_US\" \/>\n<meta property=\"og:type\" content=\"article\" \/>\n<meta property=\"og:title\" content=\"Mentions l\u00e9gales - VRD SYSTEM - Conducteur de travaux freelance\" \/>\n<meta property=\"og:description\" content=\"Mentions l\u00e9gales du site www.vrdsystem.fr : \u2013\u00a0Propri\u00e9taire du site www.vrdsystem.fr :\u00a0E.I. RAJOBSON Rado Tsilavo (VRD SYSTEM) \u2013 16 Rue Maurice Ravel \u2013 77870 VULAINES SUR SEINE \u2013 Tel : 06 64 53 22 84 \u2013 Email : contact@vrdsystem.fr \u2013\u00a0\u00c9diteur du site www.vrdsytem.fr\u00a0: E.I. RAJOBSON Tojovatosoa (ARCADMI GESTION) \u2013 16 Rue Maurice Ravel \u2013 77870 VULAINES [&hellip;]\" \/>\n<meta property=\"og:url\" content=\"https:\/\/vrdsystem.fr\/index.php\/mentions-legales\/\" \/>\n<meta property=\"og:site_name\" content=\"VRD SYSTEM - Conducteur de travaux freelance\" \/>\n<meta property=\"article:modified_time\" content=\"2023-12-01T12:47:58+00:00\" \/>\n<meta name=\"twitter:card\" content=\"summary_large_image\" \/>\n<meta name=\"twitter:label1\" content=\"Est. reading time\" \/>\n\t<meta name=\"twitter:data1\" content=\"2 minutes\" \/>\n<script type=\"application\/ld+json\" class=\"yoast-schema-graph\">{\"@context\":\"https:\/\/schema.org\",\"@graph\":[{\"@type\":\"WebPage\",\"@id\":\"https:\/\/vrdsystem.fr\/index.php\/mentions-legales\/\",\"url\":\"https:\/\/vrdsystem.fr\/index.php\/mentions-legales\/\",\"name\":\"Mentions l\u00e9gales - VRD SYSTEM - Conducteur de travaux freelance\",\"isPartOf\":{\"@id\":\"https:\/\/vrdsystem.fr\/#website\"},\"datePublished\":\"2023-11-30T16:37:53+00:00\",\"dateModified\":\"2023-12-01T12:47:58+00:00\",\"breadcrumb\":{\"@id\":\"https:\/\/vrdsystem.fr\/index.php\/mentions-legales\/#breadcrumb\"},\"inLanguage\":\"en-US\",\"potentialAction\":[{\"@type\":\"ReadAction\",\"target\":[\"https:\/\/vrdsystem.fr\/index.php\/mentions-legales\/\"]}]},{\"@type\":\"BreadcrumbList\",\"@id\":\"https:\/\/vrdsystem.fr\/index.php\/mentions-legales\/#breadcrumb\",\"itemListElement\":[{\"@type\":\"ListItem\",\"position\":1,\"name\":\"Accueil\",\"item\":\"https:\/\/vrdsystem.fr\/\"},{\"@type\":\"ListItem\",\"position\":2,\"name\":\"Mentions l\u00e9gales\"}]},{\"@type\":\"WebSite\",\"@id\":\"https:\/\/vrdsystem.fr\/#website\",\"url\":\"https:\/\/vrdsystem.fr\/\",\"name\":\"VRD SYSTEM - Conducteur de travaux freelance\",\"description\":\"\",\"publisher\":{\"@id\":\"https:\/\/vrdsystem.fr\/#organization\"},\"potentialAction\":[{\"@type\":\"SearchAction\",\"target\":{\"@type\":\"EntryPoint\",\"urlTemplate\":\"https:\/\/vrdsystem.fr\/?s={search_term_string}\"},\"query-input\":\"required name=search_term_string\"}],\"inLanguage\":\"en-US\"},{\"@type\":\"Organization\",\"@id\":\"https:\/\/vrdsystem.fr\/#organization\",\"name\":\"VRD SYSTEM - Conducteur de travaux freelance\",\"url\":\"https:\/\/vrdsystem.fr\/\",\"logo\":{\"@type\":\"ImageObject\",\"inLanguage\":\"en-US\",\"@id\":\"https:\/\/vrdsystem.fr\/#\/schema\/logo\/image\/\",\"url\":\"https:\/\/vrdsystem.fr\/wp-content\/uploads\/2023\/11\/cropped-logo-cv-1-1.png\",\"contentUrl\":\"https:\/\/vrdsystem.fr\/wp-content\/uploads\/2023\/11\/cropped-logo-cv-1-1.png\",\"width\":453,\"height\":144,\"caption\":\"VRD SYSTEM - Conducteur de travaux freelance\"},\"image\":{\"@id\":\"https:\/\/vrdsystem.fr\/#\/schema\/logo\/image\/\"}}]}<\/script>\n<!-- \/ Yoast SEO plugin. -->","yoast_head_json":{"title":"Mentions l\u00e9gales - VRD SYSTEM - Conducteur de travaux freelance","robots":{"index":"index","follow":"follow","max-snippet":"max-snippet:-1","max-image-preview":"max-image-preview:large","max-video-preview":"max-video-preview:-1"},"canonical":"https:\/\/vrdsystem.fr\/index.php\/mentions-legales\/","og_locale":"en_US","og_type":"article","og_title":"Mentions l\u00e9gales - VRD SYSTEM - Conducteur de travaux freelance","og_description":"Mentions l\u00e9gales du site www.vrdsystem.fr : \u2013\u00a0Propri\u00e9taire du site www.vrdsystem.fr :\u00a0E.I. RAJOBSON Rado Tsilavo (VRD SYSTEM) \u2013 16 Rue Maurice Ravel \u2013 77870 VULAINES SUR SEINE \u2013 Tel : 06 64 53 22 84 \u2013 Email : contact@vrdsystem.fr \u2013\u00a0\u00c9diteur du site www.vrdsytem.fr\u00a0: E.I. RAJOBSON Tojovatosoa (ARCADMI GESTION) \u2013 16 Rue Maurice Ravel \u2013 77870 VULAINES [&hellip;]","og_url":"https:\/\/vrdsystem.fr\/index.php\/mentions-legales\/","og_site_name":"VRD SYSTEM - Conducteur de travaux freelance","article_modified_time":"2023-12-01T12:47:58+00:00","twitter_card":"summary_large_image","twitter_misc":{"Est. reading time":"2 minutes"},"schema":{"@context":"https:\/\/schema.org","@graph":[{"@type":"WebPage","@id":"https:\/\/vrdsystem.fr\/index.php\/mentions-legales\/","url":"https:\/\/vrdsystem.fr\/index.php\/mentions-legales\/","name":"Mentions l\u00e9gales - VRD SYSTEM - Conducteur de travaux freelance","isPartOf":{"@id":"https:\/\/vrdsystem.fr\/#website"},"datePublished":"2023-11-30T16:37:53+00:00","dateModified":"2023-12-01T12:47:58+00:00","breadcrumb":{"@id":"https:\/\/vrdsystem.fr\/index.php\/mentions-legales\/#breadcrumb"},"inLanguage":"en-US","potentialAction":[{"@type":"ReadAction","target":["https:\/\/vrdsystem.fr\/index.php\/mentions-legales\/"]}]},{"@type":"BreadcrumbList","@id":"https:\/\/vrdsystem.fr\/index.php\/mentions-legales\/#breadcrumb","itemListElement":[{"@type":"ListItem","position":1,"name":"Accueil","item":"https:\/\/vrdsystem.fr\/"},{"@type":"ListItem","position":2,"name":"Mentions l\u00e9gales"}]},{"@type":"WebSite","@id":"https:\/\/vrdsystem.fr\/#website","url":"https:\/\/vrdsystem.fr\/","name":"VRD SYSTEM - Conducteur de travaux freelance","description":"","publisher":{"@id":"https:\/\/vrdsystem.fr\/#organization"},"potentialAction":[{"@type":"SearchAction","target":{"@type":"EntryPoint","urlTemplate":"https:\/\/vrdsystem.fr\/?s={search_term_string}"},"query-input":"required name=search_term_string"}],"inLanguage":"en-US"},{"@type":"Organization","@id":"https:\/\/vrdsystem.fr\/#organization","name":"VRD SYSTEM - Conducteur de travaux freelance","url":"https:\/\/vrdsystem.fr\/","logo":{"@type":"ImageObject","inLanguage":"en-US","@id":"https:\/\/vrdsystem.fr\/#\/schema\/logo\/image\/","url":"https:\/\/vrdsystem.fr\/wp-content\/uploads\/2023\/11\/cropped-logo-cv-1-1.png","contentUrl":"https:\/\/vrdsystem.fr\/wp-content\/uploads\/2023\/11\/cropped-logo-cv-1-1.png","width":453,"height":144,"caption":"VRD SYSTEM - Conducteur de travaux freelance"},"image":{"@id":"https:\/\/vrdsystem.fr\/#\/schema\/logo\/image\/"}}]}},"_links":{"self":[{"href":"https:\/\/vrdsystem.fr\/index.php\/wp-json\/wp\/v2\/pages\/34","targetHints":{"allow":["GET"]}}],"collection":[{"href":"https:\/\/vrdsystem.fr\/index.php\/wp-json\/wp\/v2\/pages"}],"about":[{"href":"https:\/\/vrdsystem.fr\/index.php\/wp-json\/wp\/v2\/types\/page"}],"author":[{"embeddable":true,"href":"https:\/\/vrdsystem.fr\/index.php\/wp-json\/wp\/v2\/users\/1"}],"replies":[{"embeddable":true,"href":"https:\/\/vrdsystem.fr\/index.php\/wp-json\/wp\/v2\/comments?post=34"}],"version-history":[{"count":2,"href":"https:\/\/vrdsystem.fr\/index.php\/wp-json\/wp\/v2\/pages\/34\/revisions"}],"predecessor-version":[{"id":147,"href":"https:\/\/vrdsystem.fr\/index.php\/wp-json\/wp\/v2\/pages\/34\/revisions\/147"}],"wp:attachment":[{"href":"https:\/\/vrdsystem.fr\/index.php\/wp-json\/wp\/v2\/media?parent=34"}],"curies":[{"name":"wp","href":"https:\/\/api.w.org\/{rel}","templated":true}]}}