{"id":13,"date":"2023-11-30T17:29:20","date_gmt":"2023-11-30T16:29:20","guid":{"rendered":"http:\/\/vrdsystem.fr\/?page_id=13"},"modified":"2023-12-12T19:01:18","modified_gmt":"2023-12-12T18:01:18","slug":"missions","status":"publish","type":"page","link":"https:\/\/vrdsystem.fr\/index.php\/missions\/","title":{"rendered":"MISSIONS"},"content":{"rendered":"\n<p class=\"has-text-color has-link-color has-large-font-size wp-elements-4f88f7d460a54d3314b204fd5fc8edf6\" style=\"color:#5a656e\">La r\u00e9alisation d&#8217;un projet dans le domaine des Travaux Publics et VRD n\u00e9cessite une parfaite ma\u00eetrise des aspects techniques, administratifs et financiers.<\/p>\n\n\n\n<div class=\"wp-block-cover\" style=\"min-height:453px;aspect-ratio:unset;\"><span aria-hidden=\"true\" class=\"wp-block-cover__background has-background-dim\"><\/span><div class=\"wp-block-cover__inner-container is-layout-flow wp-block-cover-is-layout-flow\">\n<div class=\"wp-block-group is-nowrap is-layout-flex wp-container-core-group-is-layout-ad2f72ca wp-block-group-is-layout-flex\">\n<figure class=\"wp-block-gallery has-nested-images columns-default is-cropped wp-block-gallery-1 is-layout-flex wp-block-gallery-is-layout-flex\">\n<figure class=\"wp-block-image size-large is-style-default\"><img fetchpriority=\"high\" decoding=\"async\" width=\"1024\" height=\"683\" data-id=\"231\" src=\"https:\/\/vrdsystem.fr\/wp-content\/uploads\/2023\/12\/Depositphotos_618533920_XL-1024x683.jpg\" alt=\"Aide pour \u00e9tudier le dossier de march\u00e9 VRD ou travaux publics\" class=\"wp-image-231\" srcset=\"https:\/\/vrdsystem.fr\/wp-content\/uploads\/2023\/12\/Depositphotos_618533920_XL-1024x683.jpg 1024w, https:\/\/vrdsystem.fr\/wp-content\/uploads\/2023\/12\/Depositphotos_618533920_XL-300x200.jpg 300w, https:\/\/vrdsystem.fr\/wp-content\/uploads\/2023\/12\/Depositphotos_618533920_XL-768x512.jpg 768w, https:\/\/vrdsystem.fr\/wp-content\/uploads\/2023\/12\/Depositphotos_618533920_XL-1536x1024.jpg 1536w, https:\/\/vrdsystem.fr\/wp-content\/uploads\/2023\/12\/Depositphotos_618533920_XL-2048x1365.jpg 2048w\" sizes=\"(max-width: 1024px) 100vw, 1024px\" \/><\/figure>\n\n\n\n<figure class=\"wp-block-image size-large\"><img decoding=\"async\" width=\"1024\" height=\"553\" data-id=\"233\" src=\"https:\/\/vrdsystem.fr\/wp-content\/uploads\/2023\/12\/Depositphotos_665254278_XL-1024x553.jpg\" alt=\"Comment chiffrer correctement un chantier\" class=\"wp-image-233\" srcset=\"https:\/\/vrdsystem.fr\/wp-content\/uploads\/2023\/12\/Depositphotos_665254278_XL-1024x553.jpg 1024w, https:\/\/vrdsystem.fr\/wp-content\/uploads\/2023\/12\/Depositphotos_665254278_XL-300x162.jpg 300w, https:\/\/vrdsystem.fr\/wp-content\/uploads\/2023\/12\/Depositphotos_665254278_XL-768x415.jpg 768w, https:\/\/vrdsystem.fr\/wp-content\/uploads\/2023\/12\/Depositphotos_665254278_XL-1536x830.jpg 1536w, https:\/\/vrdsystem.fr\/wp-content\/uploads\/2023\/12\/Depositphotos_665254278_XL-2048x1107.jpg 2048w\" sizes=\"(max-width: 1024px) 100vw, 1024px\" \/><\/figure>\n\n\n\n<figure class=\"wp-block-image size-large\"><img decoding=\"async\" width=\"1024\" height=\"683\" data-id=\"234\" src=\"https:\/\/vrdsystem.fr\/wp-content\/uploads\/2023\/12\/Depositphotos_18284039_XL-1024x683.jpg\" alt=\"VRD SYSTEM apporte son expertise dans le domaine des travaux publics et VRD\" class=\"wp-image-234\" srcset=\"https:\/\/vrdsystem.fr\/wp-content\/uploads\/2023\/12\/Depositphotos_18284039_XL-1024x683.jpg 1024w, https:\/\/vrdsystem.fr\/wp-content\/uploads\/2023\/12\/Depositphotos_18284039_XL-300x200.jpg 300w, https:\/\/vrdsystem.fr\/wp-content\/uploads\/2023\/12\/Depositphotos_18284039_XL-768x512.jpg 768w, https:\/\/vrdsystem.fr\/wp-content\/uploads\/2023\/12\/Depositphotos_18284039_XL-1536x1024.jpg 1536w, https:\/\/vrdsystem.fr\/wp-content\/uploads\/2023\/12\/Depositphotos_18284039_XL-2048x1365.jpg 2048w\" sizes=\"(max-width: 1024px) 100vw, 1024px\" \/><\/figure>\n\n\n\n<figure class=\"wp-block-image size-large\"><img loading=\"lazy\" decoding=\"async\" width=\"1024\" height=\"683\" data-id=\"235\" src=\"https:\/\/vrdsystem.fr\/wp-content\/uploads\/2023\/12\/Depositphotos_40696581_XL-1024x683.jpg\" alt=\"VRD SYSTEM apporte son aide en am\u00e9nagement ext\u00e9rieur\" class=\"wp-image-235\" srcset=\"https:\/\/vrdsystem.fr\/wp-content\/uploads\/2023\/12\/Depositphotos_40696581_XL-1024x683.jpg 1024w, https:\/\/vrdsystem.fr\/wp-content\/uploads\/2023\/12\/Depositphotos_40696581_XL-300x200.jpg 300w, https:\/\/vrdsystem.fr\/wp-content\/uploads\/2023\/12\/Depositphotos_40696581_XL-768x512.jpg 768w, https:\/\/vrdsystem.fr\/wp-content\/uploads\/2023\/12\/Depositphotos_40696581_XL-1536x1024.jpg 1536w, https:\/\/vrdsystem.fr\/wp-content\/uploads\/2023\/12\/Depositphotos_40696581_XL-2048x1365.jpg 2048w\" sizes=\"(max-width: 1024px) 100vw, 1024px\" \/><\/figure>\n\n\n\n<figure class=\"wp-block-image size-large is-style-default\"><img loading=\"lazy\" decoding=\"async\" width=\"1024\" height=\"683\" data-id=\"236\" src=\"https:\/\/vrdsystem.fr\/wp-content\/uploads\/2023\/12\/Depositphotos_563299600_XL-1024x683.jpg\" alt=\"\" class=\"wp-image-236\" srcset=\"https:\/\/vrdsystem.fr\/wp-content\/uploads\/2023\/12\/Depositphotos_563299600_XL-1024x683.jpg 1024w, https:\/\/vrdsystem.fr\/wp-content\/uploads\/2023\/12\/Depositphotos_563299600_XL-300x200.jpg 300w, https:\/\/vrdsystem.fr\/wp-content\/uploads\/2023\/12\/Depositphotos_563299600_XL-768x512.jpg 768w, https:\/\/vrdsystem.fr\/wp-content\/uploads\/2023\/12\/Depositphotos_563299600_XL-1536x1024.jpg 1536w, https:\/\/vrdsystem.fr\/wp-content\/uploads\/2023\/12\/Depositphotos_563299600_XL-2048x1365.jpg 2048w\" sizes=\"(max-width: 1024px) 100vw, 1024px\" \/><\/figure>\n\n\n\n<figure class=\"wp-block-image size-large\"><img loading=\"lazy\" decoding=\"async\" width=\"1024\" height=\"678\" data-id=\"237\" src=\"https:\/\/vrdsystem.fr\/wp-content\/uploads\/2023\/12\/Depositphotos_620128770_XL-1024x678.jpg\" alt=\"Avoir un devis pour un projet d'am\u00e9nagement urbain\" class=\"wp-image-237\" srcset=\"https:\/\/vrdsystem.fr\/wp-content\/uploads\/2023\/12\/Depositphotos_620128770_XL-1024x678.jpg 1024w, https:\/\/vrdsystem.fr\/wp-content\/uploads\/2023\/12\/Depositphotos_620128770_XL-300x199.jpg 300w, https:\/\/vrdsystem.fr\/wp-content\/uploads\/2023\/12\/Depositphotos_620128770_XL-768x509.jpg 768w, https:\/\/vrdsystem.fr\/wp-content\/uploads\/2023\/12\/Depositphotos_620128770_XL-1536x1017.jpg 1536w, https:\/\/vrdsystem.fr\/wp-content\/uploads\/2023\/12\/Depositphotos_620128770_XL-2048x1356.jpg 2048w\" sizes=\"(max-width: 1024px) 100vw, 1024px\" \/><\/figure>\n<\/figure>\n<\/div>\n<\/div><\/div>\n\n\n\n<p><\/p>\n\n\n\n<h2 class=\"wp-block-heading has-text-color has-link-color wp-elements-3d6341b42c451a58ba9a2ccec1f3b814\" style=\"color:#778f9c\"><strong>&#8211; Besoin d\u2019assistance pour une visite de chantier ?<\/strong><\/h2>\n\n\n\n<p><\/p>\n\n\n\n<h2 class=\"wp-block-heading has-text-color has-link-color wp-elements-c86a340ee87e87cac74b26531bb823b1\" style=\"color:#778f9c\"><strong>&#8211; Comment \u00e9tudier un dossier de consultation ou dossier de march\u00e9 ?<\/strong><\/h2>\n\n\n\n<p><\/p>\n\n\n\n<h2 class=\"wp-block-heading has-text-color has-link-color wp-elements-15e866e41484feb774337105a8ce373b\" style=\"color:#778f9c\"><strong>&#8211; Comment optimiser son offre financi\u00e8re dans un appel d&#8217;offre public ou priv\u00e9 ?<\/strong><\/h2>\n\n\n\n<p><\/p>\n\n\n\n<h2 class=\"wp-block-heading has-text-color has-link-color wp-elements-8bcb500dc6a912ac104a895efdaceb34\" style=\"color:#778f9c\"><strong>&#8211; Comment trouver de l\u2019aide pour assurer le suivi d\u2019ex\u00e9cution des travaux jusqu\u2019\u00e0 sa r\u00e9ception ?<\/strong><\/h2>\n\n\n\n<p><\/p>\n\n\n\n<p class=\"has-text-color has-link-color has-large-font-size wp-elements-f9aeafa12f33f86a65f9bb258948f3a8\" style=\"color:#5a656e\">Pour r\u00e9pondre \u00e0 ces questions, VRD SYSTEM propose ses services aux :<\/p>\n\n\n\n<p class=\"has-medium-font-size\"><\/p>\n\n\n\n<div class=\"wp-block-buttons alignwide is-layout-flex wp-block-buttons-is-layout-flex\">\n<div class=\"wp-block-button has-custom-width wp-block-button__width-100 has-custom-font-size has-large-font-size\"><a class=\"wp-block-button__link wp-element-button\" href=\"https:\/\/vrdsystem.fr\/index.php\/maitre-doeuvre-assistant-maitre-douvrage-et-architecte\/\" target=\"_blank\" rel=\"noreferrer noopener\">          Maitres d&#8217;\u0153uvre, AMO, architectes    &#8211; EN SAVOIR PLUS<\/a><\/div>\n<\/div>\n\n\n\n<p class=\"has-medium-font-size\"><\/p>\n\n\n\n<div class=\"wp-block-buttons alignwide is-layout-flex wp-block-buttons-is-layout-flex\">\n<div class=\"wp-block-button has-custom-width wp-block-button__width-100 has-custom-font-size has-large-font-size\"><a class=\"wp-block-button__link wp-element-button\" href=\"https:\/\/vrdsystem.fr\/index.php\/entreprise-de-travaux\" target=\"_blank\" rel=\"noreferrer noopener\">       Entreprises de travaux &#8211; EN SAVOIR PLUS     <\/a><\/div>\n<\/div>\n\n\n\n<p><\/p>\n","protected":false},"excerpt":{"rendered":"<p>La r\u00e9alisation d&#8217;un projet dans le domaine des Travaux Publics et VRD n\u00e9cessite une parfaite ma\u00eetrise des aspects techniques, administratifs et financiers. &#8211; Besoin d\u2019assistance pour une visite de chantier ? &#8211; Comment \u00e9tudier un dossier de consultation ou dossier de march\u00e9 ? &#8211; Comment optimiser son offre financi\u00e8re dans un appel d&#8217;offre public ou [&hellip;]<\/p>\n","protected":false},"author":1,"featured_media":0,"parent":0,"menu_order":0,"comment_status":"closed","ping_status":"closed","template":"","meta":{"footnotes":""},"class_list":["post-13","page","type-page","status-publish","hentry"],"yoast_head":"<!-- This site is optimized with the Yoast SEO plugin v21.6 - https:\/\/yoast.com\/wordpress\/plugins\/seo\/ -->\n<title>Devis gratuit : bureau d&#039;\u00e9tudes VRD et travaux publics<\/title>\n<meta name=\"description\" content=\"VRD SYSTEM vous aide pour l&#039;\u00e9tude du dossier de consultation, lors du suivi d&#039;ex\u00e9cution des travaux jusqu&#039;\u00e0 la r\u00e9ception. Devis gratuit.\" \/>\n<meta name=\"robots\" content=\"index, follow, max-snippet:-1, max-image-preview:large, max-video-preview:-1\" \/>\n<link rel=\"canonical\" href=\"https:\/\/vrdsystem.fr\/index.php\/missions\/\" \/>\n<meta property=\"og:locale\" content=\"en_US\" \/>\n<meta property=\"og:type\" content=\"article\" \/>\n<meta property=\"og:title\" content=\"Devis gratuit : bureau d&#039;\u00e9tudes VRD et travaux publics\" \/>\n<meta property=\"og:description\" content=\"VRD SYSTEM vous aide pour l&#039;\u00e9tude du dossier de consultation, lors du suivi d&#039;ex\u00e9cution des travaux jusqu&#039;\u00e0 la r\u00e9ception. Devis gratuit.\" \/>\n<meta property=\"og:url\" content=\"https:\/\/vrdsystem.fr\/index.php\/missions\/\" \/>\n<meta property=\"og:site_name\" content=\"VRD SYSTEM - Conducteur de travaux freelance\" \/>\n<meta property=\"article:modified_time\" content=\"2023-12-12T18:01:18+00:00\" \/>\n<meta property=\"og:image\" content=\"https:\/\/vrdsystem.fr\/wp-content\/uploads\/2023\/12\/Depositphotos_618533920_XL-1024x683.jpg\" \/>\n<meta name=\"twitter:card\" content=\"summary_large_image\" \/>\n<meta name=\"twitter:label1\" content=\"Est. reading time\" \/>\n\t<meta name=\"twitter:data1\" content=\"2 minutes\" \/>\n<script type=\"application\/ld+json\" class=\"yoast-schema-graph\">{\"@context\":\"https:\/\/schema.org\",\"@graph\":[{\"@type\":\"WebPage\",\"@id\":\"https:\/\/vrdsystem.fr\/index.php\/missions\/\",\"url\":\"https:\/\/vrdsystem.fr\/index.php\/missions\/\",\"name\":\"Devis gratuit : bureau d'\u00e9tudes VRD et travaux publics\",\"isPartOf\":{\"@id\":\"https:\/\/vrdsystem.fr\/#website\"},\"datePublished\":\"2023-11-30T16:29:20+00:00\",\"dateModified\":\"2023-12-12T18:01:18+00:00\",\"description\":\"VRD SYSTEM vous aide pour l'\u00e9tude du dossier de consultation, lors du suivi d'ex\u00e9cution des travaux jusqu'\u00e0 la r\u00e9ception. Devis gratuit.\",\"breadcrumb\":{\"@id\":\"https:\/\/vrdsystem.fr\/index.php\/missions\/#breadcrumb\"},\"inLanguage\":\"en-US\",\"potentialAction\":[{\"@type\":\"ReadAction\",\"target\":[\"https:\/\/vrdsystem.fr\/index.php\/missions\/\"]}]},{\"@type\":\"BreadcrumbList\",\"@id\":\"https:\/\/vrdsystem.fr\/index.php\/missions\/#breadcrumb\",\"itemListElement\":[{\"@type\":\"ListItem\",\"position\":1,\"name\":\"Accueil\",\"item\":\"https:\/\/vrdsystem.fr\/\"},{\"@type\":\"ListItem\",\"position\":2,\"name\":\"MISSIONS\"}]},{\"@type\":\"WebSite\",\"@id\":\"https:\/\/vrdsystem.fr\/#website\",\"url\":\"https:\/\/vrdsystem.fr\/\",\"name\":\"VRD SYSTEM - Conducteur de travaux freelance\",\"description\":\"\",\"publisher\":{\"@id\":\"https:\/\/vrdsystem.fr\/#organization\"},\"potentialAction\":[{\"@type\":\"SearchAction\",\"target\":{\"@type\":\"EntryPoint\",\"urlTemplate\":\"https:\/\/vrdsystem.fr\/?s={search_term_string}\"},\"query-input\":\"required name=search_term_string\"}],\"inLanguage\":\"en-US\"},{\"@type\":\"Organization\",\"@id\":\"https:\/\/vrdsystem.fr\/#organization\",\"name\":\"VRD SYSTEM - Conducteur de travaux freelance\",\"url\":\"https:\/\/vrdsystem.fr\/\",\"logo\":{\"@type\":\"ImageObject\",\"inLanguage\":\"en-US\",\"@id\":\"https:\/\/vrdsystem.fr\/#\/schema\/logo\/image\/\",\"url\":\"https:\/\/vrdsystem.fr\/wp-content\/uploads\/2023\/11\/cropped-logo-cv-1-1.png\",\"contentUrl\":\"https:\/\/vrdsystem.fr\/wp-content\/uploads\/2023\/11\/cropped-logo-cv-1-1.png\",\"width\":453,\"height\":144,\"caption\":\"VRD SYSTEM - Conducteur de travaux freelance\"},\"image\":{\"@id\":\"https:\/\/vrdsystem.fr\/#\/schema\/logo\/image\/\"}}]}<\/script>\n<!-- \/ Yoast SEO plugin. -->","yoast_head_json":{"title":"Devis gratuit : bureau d'\u00e9tudes VRD et travaux publics","description":"VRD SYSTEM vous aide pour l'\u00e9tude du dossier de consultation, lors du suivi d'ex\u00e9cution des travaux jusqu'\u00e0 la r\u00e9ception. Devis gratuit.","robots":{"index":"index","follow":"follow","max-snippet":"max-snippet:-1","max-image-preview":"max-image-preview:large","max-video-preview":"max-video-preview:-1"},"canonical":"https:\/\/vrdsystem.fr\/index.php\/missions\/","og_locale":"en_US","og_type":"article","og_title":"Devis gratuit : bureau d'\u00e9tudes VRD et travaux publics","og_description":"VRD SYSTEM vous aide pour l'\u00e9tude du dossier de consultation, lors du suivi d'ex\u00e9cution des travaux jusqu'\u00e0 la r\u00e9ception. Devis gratuit.","og_url":"https:\/\/vrdsystem.fr\/index.php\/missions\/","og_site_name":"VRD SYSTEM - Conducteur de travaux freelance","article_modified_time":"2023-12-12T18:01:18+00:00","og_image":[{"url":"https:\/\/vrdsystem.fr\/wp-content\/uploads\/2023\/12\/Depositphotos_618533920_XL-1024x683.jpg"}],"twitter_card":"summary_large_image","twitter_misc":{"Est. reading time":"2 minutes"},"schema":{"@context":"https:\/\/schema.org","@graph":[{"@type":"WebPage","@id":"https:\/\/vrdsystem.fr\/index.php\/missions\/","url":"https:\/\/vrdsystem.fr\/index.php\/missions\/","name":"Devis gratuit : bureau d'\u00e9tudes VRD et travaux publics","isPartOf":{"@id":"https:\/\/vrdsystem.fr\/#website"},"datePublished":"2023-11-30T16:29:20+00:00","dateModified":"2023-12-12T18:01:18+00:00","description":"VRD SYSTEM vous aide pour l'\u00e9tude du dossier de consultation, lors du suivi d'ex\u00e9cution des travaux jusqu'\u00e0 la r\u00e9ception. Devis gratuit.","breadcrumb":{"@id":"https:\/\/vrdsystem.fr\/index.php\/missions\/#breadcrumb"},"inLanguage":"en-US","potentialAction":[{"@type":"ReadAction","target":["https:\/\/vrdsystem.fr\/index.php\/missions\/"]}]},{"@type":"BreadcrumbList","@id":"https:\/\/vrdsystem.fr\/index.php\/missions\/#breadcrumb","itemListElement":[{"@type":"ListItem","position":1,"name":"Accueil","item":"https:\/\/vrdsystem.fr\/"},{"@type":"ListItem","position":2,"name":"MISSIONS"}]},{"@type":"WebSite","@id":"https:\/\/vrdsystem.fr\/#website","url":"https:\/\/vrdsystem.fr\/","name":"VRD SYSTEM - Conducteur de travaux freelance","description":"","publisher":{"@id":"https:\/\/vrdsystem.fr\/#organization"},"potentialAction":[{"@type":"SearchAction","target":{"@type":"EntryPoint","urlTemplate":"https:\/\/vrdsystem.fr\/?s={search_term_string}"},"query-input":"required name=search_term_string"}],"inLanguage":"en-US"},{"@type":"Organization","@id":"https:\/\/vrdsystem.fr\/#organization","name":"VRD SYSTEM - Conducteur de travaux freelance","url":"https:\/\/vrdsystem.fr\/","logo":{"@type":"ImageObject","inLanguage":"en-US","@id":"https:\/\/vrdsystem.fr\/#\/schema\/logo\/image\/","url":"https:\/\/vrdsystem.fr\/wp-content\/uploads\/2023\/11\/cropped-logo-cv-1-1.png","contentUrl":"https:\/\/vrdsystem.fr\/wp-content\/uploads\/2023\/11\/cropped-logo-cv-1-1.png","width":453,"height":144,"caption":"VRD SYSTEM - Conducteur de travaux freelance"},"image":{"@id":"https:\/\/vrdsystem.fr\/#\/schema\/logo\/image\/"}}]}},"_links":{"self":[{"href":"https:\/\/vrdsystem.fr\/index.php\/wp-json\/wp\/v2\/pages\/13","targetHints":{"allow":["GET"]}}],"collection":[{"href":"https:\/\/vrdsystem.fr\/index.php\/wp-json\/wp\/v2\/pages"}],"about":[{"href":"https:\/\/vrdsystem.fr\/index.php\/wp-json\/wp\/v2\/types\/page"}],"author":[{"embeddable":true,"href":"https:\/\/vrdsystem.fr\/index.php\/wp-json\/wp\/v2\/users\/1"}],"replies":[{"embeddable":true,"href":"https:\/\/vrdsystem.fr\/index.php\/wp-json\/wp\/v2\/comments?post=13"}],"version-history":[{"count":21,"href":"https:\/\/vrdsystem.fr\/index.php\/wp-json\/wp\/v2\/pages\/13\/revisions"}],"predecessor-version":[{"id":238,"href":"https:\/\/vrdsystem.fr\/index.php\/wp-json\/wp\/v2\/pages\/13\/revisions\/238"}],"wp:attachment":[{"href":"https:\/\/vrdsystem.fr\/index.php\/wp-json\/wp\/v2\/media?parent=13"}],"curies":[{"name":"wp","href":"https:\/\/api.w.org\/{rel}","templated":true}]}}